{"id":3436,"date":"2021-10-30T05:00:05","date_gmt":"2021-10-30T03:00:05","guid":{"rendered":"https:\/\/guenzel-consulting.com\/certificates\/"},"modified":"2024-05-06T13:56:00","modified_gmt":"2024-05-06T11:56:00","slug":"certificates","status":"publish","type":"page","link":"https:\/\/guenzel-consulting.com\/en\/certificates\/","title":{"rendered":"Cer\u00adti\u00adfi\u00adca\u00adtes"},"content":{"rendered":"<div class=\"fusion-fullwidth fullwidth-box fusion-builder-row-1 fusion-flex-container nonhundred-percent-fullwidth non-hundred-percent-height-scrolling\" style=\"--awb-border-radius-top-left:0px;--awb-border-radius-top-right:0px;--awb-border-radius-bottom-right:0px;--awb-border-radius-bottom-left:0px;\"><div class=\"fusion-builder-row fusion-row fusion-flex-align-items-center\" style=\"max-width:1372.8px;margin-left: calc(-4% \/ 2 );margin-right: calc(-4% \/ 2 );\"><div class=\"fusion-layout-column fusion_builder_column fusion-builder-column-0 fusion_builder_column_1_2 1_2 fusion-flex-column\" style=\"--awb-bg-size:cover;--awb-width-large:50%;--awb-margin-top-large:20px;--awb-spacing-right-large:3.84%;--awb-margin-bottom-large:20px;--awb-spacing-left-large:3.84%;--awb-width-medium:50%;--awb-order-medium:0;--awb-spacing-right-medium:3.84%;--awb-spacing-left-medium:3.84%;--awb-width-small:100%;--awb-order-small:0;--awb-spacing-right-small:1.92%;--awb-spacing-left-small:1.92%;\"><div class=\"fusion-column-wrapper fusion-column-has-shadow fusion-flex-justify-content-flex-start fusion-content-layout-column\"><div class=\"fusion-title title fusion-title-1 fusion-sep-none fusion-title-text fusion-title-size-two\" style=\"--awb-font-size:50px;\"><h2 class=\"title-heading-left fusion-responsive-typography-calculated\" style=\"margin:0;font-size:1em;--fontSize:50;line-height:1.14;\">Cer\u00adti\u00adfied Consulting<\/h2><\/div><div class=\"fusion-text fusion-text-1\" style=\"--awb-text-transform:none;\"><h3 data-fontsize=\"32\" data-lineheight=\"40.32px\" class=\"fusion-responsive-typography-calculated\" style=\"--fontSize:32; line-height: 1.26;\">We are cer\u00adti\u00adfied our\u00adsel\u00adves, and we can also advi\u00adse you on certification.<\/h3>\n<p>The qua\u00adli\u00adty management sys\u00adtem of G\u00fcn\u00adzel Consulting GmbH is cer\u00adti\u00adfied accor\u00adding to ISO 9001. This means that we app\u00adly the same stan\u00addards to our\u00adsel\u00adves as we do to our cus\u00adto\u00admers.  <span style=\"background-color: rgba(255, 255, 255, 0); color: var(--body_typography-color); font-family: var(--body_typography-font-family); font-size: var(--body_typography-font-size); font-style: var(--body_typography-font-style,normal); font-weight: var(--body_typography-font-weight); letter-spacing: var(--body_typography-letter-spacing);\">Based on the ISO 9001 stan\u00addard, we ensu\u00adre the qua\u00adli\u00adty of our consulting ser\u00advices, increase cus\u00adto\u00admer satis\u00adfac\u00adtion and con\u00adti\u00adnuous\u00adly impro\u00adve our cor\u00adpo\u00adra\u00adte per\u00adfor\u00admance as we&nbsp;grow.<\/span><\/p>\n<p><a href=\"https:\/\/guenzel-consulting.com\/wp-content\/uploads\/2024\/05\/240101-TUeV-Zertifikat-Deutsch.pdf\" target=\"_blank\" rel=\"noopener noreferrer\">Down\u00adload<\/a> our <a href=\"https:\/\/guenzel-consulting.com\/wp-content\/uploads\/2024\/05\/240101-TUeV-Zertifikat-Deutsch.pdf\" target=\"_blank\" rel=\"noopener noreferrer\">ISO 9001 cer\u00adti\u00adfi\u00adca\u00adte as&nbsp;PDF<\/a><\/p>\n<p>Trust is good, con\u00adtrol is bet\u00adter, cer\u00adti\u00adfi\u00adca\u00adti\u00adon is&nbsp;best!<\/p>\n<\/div><\/div><\/div><div class=\"fusion-layout-column fusion_builder_column fusion-builder-column-1 fusion_builder_column_1_2 1_2 fusion-flex-column fusion-flex-align-self-center\" style=\"--awb-bg-size:cover;--awb-width-large:50%;--awb-margin-top-large:20px;--awb-spacing-right-large:3.84%;--awb-margin-bottom-large:20px;--awb-spacing-left-large:3.84%;--awb-width-medium:50%;--awb-order-medium:0;--awb-spacing-right-medium:3.84%;--awb-spacing-left-medium:3.84%;--awb-width-small:100%;--awb-order-small:0;--awb-spacing-right-small:1.92%;--awb-spacing-left-small:1.92%;\"><div class=\"fusion-column-wrapper fusion-column-has-shadow fusion-flex-justify-content-flex-start fusion-content-layout-column\"><div class=\"fusion-image-element \" style=\"text-align:center;--awb-caption-title-font-family:var(--h2_typography-font-family);--awb-caption-title-font-weight:var(--h2_typography-font-weight);--awb-caption-title-font-style:var(--h2_typography-font-style);--awb-caption-title-size:var(--h2_typography-font-size);--awb-caption-title-transform:var(--h2_typography-text-transform);--awb-caption-title-line-height:var(--h2_typography-line-height);--awb-caption-title-letter-spacing:var(--h2_typography-letter-spacing);\"><span class=\"image-scroll\" style=\"border-radius:8px;\"><a href=\"https:\/\/guenzel-consulting.com\/wp-content\/uploads\/2021\/10\/210118-Zertifikat-ISO-9001-Guenzel-Consulting-GmbH.png\" class=\"fusion-lightbox\" data-rel=\"iLightbox[b5a7e9a2af1c7142a3a]\" data-title=\"210118 \u2014 Zer\u00adti\u00adfi\u00adkat \u2014 ISO 9001 \u2014 G\u00fcn\u00adzel Consulting GmbH\" title=\"240101 T\u00dcV Zer\u00adti\u00adfi\u00adkat Deutsch\"><img decoding=\"async\" width=\"1265\" height=\"1746\" src=\"https:\/\/guenzel-consulting.com\/wp-content\/uploads\/2024\/05\/240101-TUeV-Zertifikat-Deutsch.jpg\" data-orig-src=\"https:\/\/guenzel-consulting.com\/wp-content\/uploads\/2024\/05\/240101-TUeV-Zertifikat-Deutsch.jpg\" alt class=\"lazyload img-responsive wp-image-7060\" srcset=\"data:image\/svg+xml,%3Csvg%20xmlns%3D%27http%3A%2F%2Fwww.w3.org%2F2000%2Fsvg%27%20width%3D%271265%27%20height%3D%271746%27%20viewBox%3D%270%200%201265%201746%27%3E%3Crect%20width%3D%271265%27%20height%3D%271746%27%20fill-opacity%3D%220%22%2F%3E%3C%2Fsvg%3E\" data-srcset=\"https:\/\/guenzel-consulting.com\/wp-content\/uploads\/2024\/05\/240101-TUeV-Zertifikat-Deutsch-200x276.jpg 200w, https:\/\/guenzel-consulting.com\/wp-content\/uploads\/2024\/05\/240101-TUeV-Zertifikat-Deutsch-400x552.jpg 400w, https:\/\/guenzel-consulting.com\/wp-content\/uploads\/2024\/05\/240101-TUeV-Zertifikat-Deutsch-600x828.jpg 600w, https:\/\/guenzel-consulting.com\/wp-content\/uploads\/2024\/05\/240101-TUeV-Zertifikat-Deutsch-800x1104.jpg 800w, https:\/\/guenzel-consulting.com\/wp-content\/uploads\/2024\/05\/240101-TUeV-Zertifikat-Deutsch-1200x1656.jpg 1200w, https:\/\/guenzel-consulting.com\/wp-content\/uploads\/2024\/05\/240101-TUeV-Zertifikat-Deutsch.jpg 1265w\" data-sizes=\"auto\" data-orig-sizes=\"(max-width: 640px) 100vw, 800px\"><\/a><\/span><\/div><\/div><\/div><\/div><\/div>\n","protected":false},"excerpt":{"rendered":"","protected":false},"author":1,"featured_media":0,"parent":0,"menu_order":2,"comment_status":"closed","ping_status":"closed","template":"","meta":{"_acf_changed":false,"inline_featured_image":false,"wp_typography_post_enhancements_disabled":false,"footnotes":""},"class_list":["post-3436","page","type-page","status-publish","hentry"],"acf":[],"yoast_head":"<!-- This site is optimized with the Yoast SEO plugin v27.3 - https:\/\/yoast.com\/product\/yoast-seo-wordpress\/ -->\n<title>Certificates - G\u00fcnzel Consulting GmbH<\/title>\n<meta name=\"robots\" content=\"index, follow, max-snippet:-1, max-image-preview:large, max-video-preview:-1\" \/>\n<link rel=\"canonical\" href=\"https:\/\/guenzel-consulting.com\/en\/certificates\/\" \/>\n<meta property=\"og:locale\" content=\"en_US\" \/>\n<meta property=\"og:type\" content=\"article\" \/>\n<meta property=\"og:title\" content=\"Certificates - G\u00fcnzel Consulting GmbH\" \/>\n<meta property=\"og:url\" content=\"https:\/\/guenzel-consulting.com\/en\/certificates\/\" \/>\n<meta property=\"og:site_name\" content=\"G\u00fcnzel Consulting GmbH\" \/>\n<meta property=\"article:modified_time\" content=\"2024-05-06T11:56:00+00:00\" \/>\n<meta name=\"twitter:card\" content=\"summary_large_image\" \/>\n<meta name=\"twitter:label1\" content=\"Est. reading time\" \/>\n\t<meta name=\"twitter:data1\" content=\"4 minutes\" \/>\n<script type=\"application\/ld+json\" class=\"yoast-schema-graph\">{\"@context\":\"https:\\\/\\\/schema.org\",\"@graph\":[{\"@type\":\"WebPage\",\"@id\":\"https:\\\/\\\/guenzel-consulting.com\\\/en\\\/certificates\\\/\",\"url\":\"https:\\\/\\\/guenzel-consulting.com\\\/en\\\/certificates\\\/\",\"name\":\"Certificates - G\u00fcnzel Consulting GmbH\",\"isPartOf\":{\"@id\":\"https:\\\/\\\/guenzel-consulting.com\\\/en\\\/#website\"},\"datePublished\":\"2021-10-30T03:00:05+00:00\",\"dateModified\":\"2024-05-06T11:56:00+00:00\",\"breadcrumb\":{\"@id\":\"https:\\\/\\\/guenzel-consulting.com\\\/en\\\/certificates\\\/#breadcrumb\"},\"inLanguage\":\"en-US\",\"potentialAction\":[{\"@type\":\"ReadAction\",\"target\":[\"https:\\\/\\\/guenzel-consulting.com\\\/en\\\/certificates\\\/\"]}]},{\"@type\":\"BreadcrumbList\",\"@id\":\"https:\\\/\\\/guenzel-consulting.com\\\/en\\\/certificates\\\/#breadcrumb\",\"itemListElement\":[{\"@type\":\"ListItem\",\"position\":1,\"name\":\"Startseite\",\"item\":\"https:\\\/\\\/guenzel-consulting.com\\\/en\\\/\"},{\"@type\":\"ListItem\",\"position\":2,\"name\":\"Cer\u00adti\u00adfi\u00adca\u00adtes\"}]},{\"@type\":\"WebSite\",\"@id\":\"https:\\\/\\\/guenzel-consulting.com\\\/en\\\/#website\",\"url\":\"https:\\\/\\\/guenzel-consulting.com\\\/en\\\/\",\"name\":\"G\u00fcnzel Consulting GmbH\",\"description\":\"Ihr kompetenter Partner f\u00fcr Beratungs- und Interim-Projekte in den Bereichen Einkauf, Supply Chain und Projekt- und Qualit\u00e4tsmanagement\",\"potentialAction\":[{\"@type\":\"SearchAction\",\"target\":{\"@type\":\"EntryPoint\",\"urlTemplate\":\"https:\\\/\\\/guenzel-consulting.com\\\/en\\\/?s={search_term_string}\"},\"query-input\":{\"@type\":\"PropertyValueSpecification\",\"valueRequired\":true,\"valueName\":\"search_term_string\"}}],\"inLanguage\":\"en-US\"}]}<\/script>\n<!-- \/ Yoast SEO plugin. -->","yoast_head_json":{"title":"Certificates - G\u00fcnzel Consulting GmbH","robots":{"index":"index","follow":"follow","max-snippet":"max-snippet:-1","max-image-preview":"max-image-preview:large","max-video-preview":"max-video-preview:-1"},"canonical":"https:\/\/guenzel-consulting.com\/en\/certificates\/","og_locale":"en_US","og_type":"article","og_title":"Certificates - G\u00fcnzel Consulting GmbH","og_url":"https:\/\/guenzel-consulting.com\/en\/certificates\/","og_site_name":"G\u00fcnzel Consulting GmbH","article_modified_time":"2024-05-06T11:56:00+00:00","twitter_card":"summary_large_image","twitter_misc":{"Est. reading time":"4 minutes"},"schema":{"@context":"https:\/\/schema.org","@graph":[{"@type":"WebPage","@id":"https:\/\/guenzel-consulting.com\/en\/certificates\/","url":"https:\/\/guenzel-consulting.com\/en\/certificates\/","name":"Certificates - G\u00fcnzel Consulting GmbH","isPartOf":{"@id":"https:\/\/guenzel-consulting.com\/en\/#website"},"datePublished":"2021-10-30T03:00:05+00:00","dateModified":"2024-05-06T11:56:00+00:00","breadcrumb":{"@id":"https:\/\/guenzel-consulting.com\/en\/certificates\/#breadcrumb"},"inLanguage":"en-US","potentialAction":[{"@type":"ReadAction","target":["https:\/\/guenzel-consulting.com\/en\/certificates\/"]}]},{"@type":"BreadcrumbList","@id":"https:\/\/guenzel-consulting.com\/en\/certificates\/#breadcrumb","itemListElement":[{"@type":"ListItem","position":1,"name":"Startseite","item":"https:\/\/guenzel-consulting.com\/en\/"},{"@type":"ListItem","position":2,"name":"Cer\u00adti\u00adfi\u00adca\u00adtes"}]},{"@type":"WebSite","@id":"https:\/\/guenzel-consulting.com\/en\/#website","url":"https:\/\/guenzel-consulting.com\/en\/","name":"G\u00fcnzel Consulting GmbH","description":"Ihr kompetenter Partner f\u00fcr Beratungs- und Interim-Projekte in den Bereichen Einkauf, Supply Chain und Projekt- und Qualit\u00e4tsmanagement","potentialAction":[{"@type":"SearchAction","target":{"@type":"EntryPoint","urlTemplate":"https:\/\/guenzel-consulting.com\/en\/?s={search_term_string}"},"query-input":{"@type":"PropertyValueSpecification","valueRequired":true,"valueName":"search_term_string"}}],"inLanguage":"en-US"}]}},"jetpack_sharing_enabled":true,"_links":{"self":[{"href":"https:\/\/guenzel-consulting.com\/en\/wp-json\/wp\/v2\/pages\/3436","targetHints":{"allow":["GET"]}}],"collection":[{"href":"https:\/\/guenzel-consulting.com\/en\/wp-json\/wp\/v2\/pages"}],"about":[{"href":"https:\/\/guenzel-consulting.com\/en\/wp-json\/wp\/v2\/types\/page"}],"author":[{"embeddable":true,"href":"https:\/\/guenzel-consulting.com\/en\/wp-json\/wp\/v2\/users\/1"}],"replies":[{"embeddable":true,"href":"https:\/\/guenzel-consulting.com\/en\/wp-json\/wp\/v2\/comments?post=3436"}],"version-history":[{"count":31,"href":"https:\/\/guenzel-consulting.com\/en\/wp-json\/wp\/v2\/pages\/3436\/revisions"}],"predecessor-version":[{"id":7073,"href":"https:\/\/guenzel-consulting.com\/en\/wp-json\/wp\/v2\/pages\/3436\/revisions\/7073"}],"wp:attachment":[{"href":"https:\/\/guenzel-consulting.com\/en\/wp-json\/wp\/v2\/media?parent=3436"}],"curies":[{"name":"wp","href":"https:\/\/api.w.org\/{rel}","templated":true}]}}