{"id":3350,"date":"2021-10-22T13:55:12","date_gmt":"2021-10-22T11:55:12","guid":{"rendered":"https:\/\/guenzel-consulting.com\/contact-request\/"},"modified":"2021-10-22T13:55:15","modified_gmt":"2021-10-22T11:55:15","slug":"contact-request","status":"publish","type":"page","link":"https:\/\/guenzel-consulting.com\/en\/contact-request\/","title":{"rendered":"Cont\u00adact request"},"content":{"rendered":"<div class=\"fusion-fullwidth fullwidth-box fusion-builder-row-1 fusion-flex-container nonhundred-percent-fullwidth non-hundred-percent-height-scrolling\" style=\"--awb-border-radius-top-left:0px;--awb-border-radius-top-right:0px;--awb-border-radius-bottom-right:0px;--awb-border-radius-bottom-left:0px;--awb-padding-top:48px;--awb-padding-bottom:6%;--awb-padding-top-medium:12px;--awb-background-color:#ffffff;--awb-background-image:linear-gradient(180deg, #ffffff 33%,#f4f4f6 67%);\"><div class=\"fusion-builder-row fusion-row fusion-flex-align-items-flex-start fusion-flex-align-content-center\" style=\"max-width:1372.8px;margin-left: calc(-4% \/ 2 );margin-right: calc(-4% \/ 2 );\"><div class=\"fusion-layout-column fusion_builder_column fusion-builder-column-0 fusion_builder_column_1_1 1_1 fusion-flex-column fusion-animated\" style=\"--awb-bg-size:cover;--awb-width-large:100%;--awb-margin-top-large:20px;--awb-spacing-right-large:1.92%;--awb-margin-bottom-large:60px;--awb-spacing-left-large:1.92%;--awb-width-medium:100%;--awb-order-medium:0;--awb-margin-top-medium:16px;--awb-spacing-right-medium:1.92%;--awb-margin-bottom-medium:16px;--awb-spacing-left-medium:1.92%;--awb-width-small:100%;--awb-order-small:0;--awb-margin-top-small:10px;--awb-spacing-right-small:1.92%;--awb-margin-bottom-small:16px;--awb-spacing-left-small:1.92%;\" data-animationtype=\"fadeInDown\" data-animationduration=\"1.0\" data-animationoffset=\"top-into-view\"><div class=\"fusion-column-wrapper fusion-column-has-shadow fusion-flex-justify-content-flex-start fusion-content-layout-column\"><div class=\"fusion-title title fusion-title-1 fusion-sep-none fusion-title-center fusion-title-text fusion-title-size-one\" style=\"--awb-margin-bottom-medium:32px;\"><h1 class=\"title-heading-center fusion-responsive-typography-calculated\" style=\"margin:0;--fontSize:72;line-height:1.12;\">Your per\u00adso\u00adnal appoint\u00adment for an initi\u00adal consultation.<\/h1><\/div><\/div><\/div><div class=\"fusion-layout-column fusion_builder_column fusion-builder-column-1 fusion_builder_column_2_5 2_5 fusion-flex-column fusion-animated\" style=\"--awb-padding-top:20px;--awb-padding-right:20px;--awb-padding-bottom:20px;--awb-padding-left:20px;--awb-overflow:hidden;--awb-bg-color:#ffffff;--awb-bg-color-hover:#ffffff;--awb-bg-size:cover;--awb-box-shadow:12px 32px 60px -8px rgba(0,79,152,0.12);;--awb-border-color:#ffffff;--awb-border-top:0px;--awb-border-right:0px;--awb-border-bottom:0px;--awb-border-left:0px;--awb-border-style:solid;--awb-border-radius:12px 12px 12px 12px;--awb-width-large:40%;--awb-margin-top-large:20px;--awb-spacing-right-large:9.6%;--awb-margin-bottom-large:20px;--awb-spacing-left-large:24%;--awb-width-medium:40%;--awb-spacing-right-medium:9.6%;--awb-spacing-left-medium:9.6%;--awb-width-small:100%;--awb-order-small:1;--awb-spacing-right-small:1.92%;--awb-spacing-left-small:1.92%;\" data-animationtype=\"fadeInLeft\" data-animationduration=\"1.6\" data-animationoffset=\"top-into-view\"><div class=\"fusion-column-wrapper fusion-column-has-shadow fusion-flex-justify-content-flex-start fusion-content-layout-column\"><div class=\"fusion-image-element \" style=\"--awb-caption-title-font-family:var(--h2_typography-font-family);--awb-caption-title-font-weight:var(--h2_typography-font-weight);--awb-caption-title-font-style:var(--h2_typography-font-style);--awb-caption-title-size:var(--h2_typography-font-size);--awb-caption-title-transform:var(--h2_typography-text-transform);--awb-caption-title-line-height:var(--h2_typography-line-height);--awb-caption-title-letter-spacing:var(--h2_typography-letter-spacing);\"><span class=\"image-scroll\" style=\"border-radius:8px;\"><img decoding=\"async\" width=\"641\" height=\"586\" alt=\"Lars Prager; customer contact partner at G\u00fcnzel Consulting\" title=\"MG\" src=\"https:\/\/guenzel-consulting.com\/wp-content\/uploads\/2021\/07\/MG.png\" data-orig-src=\"https:\/\/guenzel-consulting.com\/wp-content\/uploads\/2021\/07\/MG.png\" class=\"lazyload img-responsive wp-image-3233\" srcset=\"data:image\/svg+xml,%3Csvg%20xmlns%3D%27http%3A%2F%2Fwww.w3.org%2F2000%2Fsvg%27%20width%3D%27641%27%20height%3D%27586%27%20viewBox%3D%270%200%20641%20586%27%3E%3Crect%20width%3D%27641%27%20height%3D%27586%27%20fill-opacity%3D%220%22%2F%3E%3C%2Fsvg%3E\" data-srcset=\"https:\/\/guenzel-consulting.com\/wp-content\/uploads\/2021\/07\/MG-200x183.png 200w, https:\/\/guenzel-consulting.com\/wp-content\/uploads\/2021\/07\/MG-400x366.png 400w, https:\/\/guenzel-consulting.com\/wp-content\/uploads\/2021\/07\/MG-600x549.png 600w, https:\/\/guenzel-consulting.com\/wp-content\/uploads\/2021\/07\/MG.png 641w\" data-sizes=\"auto\" data-orig-sizes=\"(max-width: 640px) 100vw, 400px\"><\/span><\/div><div class=\"fusion-title title fusion-title-2 fusion-sep-none fusion-title-text fusion-title-size-four\" style=\"--awb-margin-top:24px;--awb-margin-bottom:6px;\"><h4 class=\"title-heading-left fusion-responsive-typography-calculated\" style=\"margin:0;--fontSize:26;line-height:1.4;\">Manu\u00adel G\u00fcnzel<\/h4><\/div><div class=\"fusion-title title fusion-title-3 fusion-sep-none fusion-title-text fusion-title-size-div\" style=\"--awb-text-color:#777777;--awb-margin-top:0px;--awb-margin-bottom:12px;--awb-margin-bottom-small:2px;--awb-margin-bottom-medium:4px;--awb-font-size:19px;\"><div class=\"title-heading-left title-heading-tag fusion-responsive-typography-calculated\" style=\"margin:0;font-size:1em;--fontSize:19;--minFontSize:19;line-height:1.37;\">Mana\u00adging Partner<\/div><\/div><ul style=\"--awb-size:18px;--awb-iconcolor:#004f98;--awb-line-height:30.6px;--awb-icon-width:30.6px;--awb-icon-height:30.6px;--awb-icon-margin:12.6px;--awb-content-margin:43.2px;\" class=\"fusion-checklist fusion-checklist-1 fusion-checklist-default type-icons\"><li class=\"fusion-li-item\" style><span class=\"icon-wrapper circle-no\"><i class=\"fusion-li-icon fa-check-circle fas\" aria-hidden=\"true\"><\/i><\/span><div class=\"fusion-li-item-content\">\n<p>Feed\u00adback within one&nbsp;day<\/p>\n<\/div><\/li><li class=\"fusion-li-item\" style><span class=\"icon-wrapper circle-no\"><i class=\"fusion-li-icon fa-check-circle fas\" aria-hidden=\"true\"><\/i><\/span><div class=\"fusion-li-item-content\">\n<p>Joint situa\u00adti\u00adon ana\u00adly\u00adsis by tele\u00adpho\u00adne with pos\u00adsi\u00adble pro\u00adject goal set\u00adting and delimitation<\/p>\n<\/div><\/li><li class=\"fusion-li-item\" style><span class=\"icon-wrapper circle-no\"><i class=\"fusion-li-icon fa-check-circle fas\" aria-hidden=\"true\"><\/i><\/span><div class=\"fusion-li-item-content\">\n<p>Short-term pro\u00adject start or imme\u00addia\u00adte initi\u00adal con\u00adsul\u00adta\u00adti\u00adon, if requi\u00adred by the situation<\/p>\n<\/div><\/li><\/ul><div class=\"fusion-separator fusion-full-width-sep\" style=\"align-self: center;margin-left: auto;margin-right: auto;margin-top:30px;margin-bottom:30px;width:100%;\"><div class=\"fusion-separator-border sep-single sep-dashed\" style=\"--awb-height:20px;--awb-amount:20px;border-color:rgba(0,0,0,0.08);border-top-width:1px;\"><\/div><\/div><div class=\"fusion-separator fusion-no-medium-visibility fusion-no-large-visibility fusion-full-width-sep\" style=\"align-self: center;margin-left: auto;margin-right: auto;margin-top:30px;width:100%;\"><\/div><div class=\"fusion-text fusion-text-1\" style=\"--awb-content-alignment:left;--awb-font-size:22px;--awb-line-height:1.48em;--awb-letter-spacing:-0.01em;--awb-text-color:#004f98;\"><p style=\"text-align: left;\"><em>\u201cMy staff and I are rea\u00addy when you need&nbsp;us.\u201d<\/em><\/p>\n<\/div><\/div><\/div><div class=\"fusion-layout-column fusion_builder_column fusion-builder-column-2 fusion_builder_column_3_5 3_5 fusion-flex-column fusion-animated\" style=\"--awb-padding-top:20px;--awb-padding-right:40px;--awb-padding-bottom:20px;--awb-padding-left:40px;--awb-padding-top-small:24px;--awb-padding-right-small:28px;--awb-padding-bottom-small:16px;--awb-padding-left-small:28px;--awb-overflow:hidden;--awb-bg-color:#ffffff;--awb-bg-color-hover:#ffffff;--awb-bg-size:cover;--awb-box-shadow:12px 32px 60px -8px rgba(0,0,0,0.12);;--awb-border-color:rgba(0,0,0,0.08);--awb-border-right:1px;--awb-border-bottom:1px;--awb-border-left:1px;--awb-border-style:solid;--awb-border-radius:12px 12px 12px 12px;--awb-width-large:60%;--awb-margin-top-large:20px;--awb-spacing-right-large:16%;--awb-margin-bottom-large:20px;--awb-spacing-left-large:9.6%;--awb-width-medium:60%;--awb-order-medium:0;--awb-spacing-right-medium:6.4%;--awb-spacing-left-medium:3.2%;--awb-width-small:100%;--awb-order-small:0;--awb-margin-top-small:0px;--awb-spacing-right-small:3.84%;--awb-margin-bottom-small:30px;--awb-spacing-left-small:1.92%;\" data-animationtype=\"fadeInRight\" data-animationduration=\"2.0\" data-animationoffset=\"top-into-view\"><div class=\"fusion-column-wrapper fusion-column-has-shadow fusion-flex-justify-content-center fusion-content-layout-column\"><div class=\"fusion-form fusion-form-builder fusion-form-form-wrapper fusion-form-3323\" style=\"--awb-tooltip-text-color:#ffffff;--awb-tooltip-background-color:#333333;\" data-form-id=\"3323\" data-config=\"{&quot;form_id&quot;:3323,&quot;form_post_id&quot;:3323,&quot;post_id&quot;:3350,&quot;form_type&quot;:&quot;ajax&quot;,&quot;confirmation_type&quot;:&quot;message&quot;,&quot;redirect_url&quot;:&quot;&quot;,&quot;field_labels&quot;:{&quot;first_name&quot;:&quot;First name&quot;,&quot;last_name&quot;:&quot;Last name&quot;,&quot;email&quot;:&quot;E-Mail&quot;,&quot;phone_number&quot;:&quot;Phone number&quot;,&quot;service_needed&quot;:&quot;Desired power&quot;,&quot;your_challenge&quot;:&quot;Your challenge&quot;,&quot;&quot;:&quot;&quot;},&quot;field_logics&quot;:{&quot;notice_1&quot;:&quot;&quot;,&quot;first_name&quot;:&quot;&quot;,&quot;last_name&quot;:&quot;&quot;,&quot;email&quot;:&quot;&quot;,&quot;phone_number&quot;:&quot;&quot;,&quot;service_needed&quot;:&quot;&quot;,&quot;your_challenge&quot;:&quot;&quot;,&quot;&quot;:&quot;&quot;},&quot;field_types&quot;:{&quot;notice_1&quot;:&quot;notice&quot;,&quot;first_name&quot;:&quot;text&quot;,&quot;last_name&quot;:&quot;text&quot;,&quot;email&quot;:&quot;email&quot;,&quot;phone_number&quot;:&quot;phone_number&quot;,&quot;service_needed&quot;:&quot;select&quot;,&quot;your_challenge&quot;:&quot;textarea&quot;,&quot;&quot;:&quot;checkbox&quot;,&quot;submit_1&quot;:&quot;submit&quot;},&quot;nonce_method&quot;:&quot;ajax&quot;}\"><form action=\"https:\/\/guenzel-consulting.com\/en\/contact-request\/\" method=\"post\" class=\"fusion-form fusion-form-3323\"><div class=\"fusion-fullwidth fullwidth-box fusion-builder-row-1-1 fusion-flex-container nonhundred-percent-fullwidth non-hundred-percent-height-scrolling\" style=\"--awb-border-radius-top-left:0px;--awb-border-radius-top-right:0px;--awb-border-radius-bottom-right:0px;--awb-border-radius-bottom-left:0px;--awb-padding-top:0px;--awb-padding-right:0px;--awb-padding-bottom:0px;--awb-padding-left:0px;\"><div class=\"fusion-builder-row fusion-row fusion-flex-align-items-flex-start\" style=\"width:104% !important;max-width:104% !important;margin-left: calc(-4% \/ 2 );margin-right: calc(-4% \/ 2 );\"><div class=\"fusion-layout-column fusion_builder_column fusion-builder-column-3 fusion_builder_column_1_1 1_1 fusion-flex-column\" style=\"--awb-bg-size:cover;--awb-width-large:100%;--awb-margin-top-large:0px;--awb-spacing-right-large:1.92%;--awb-margin-bottom-large:0px;--awb-spacing-left-large:1.92%;--awb-width-medium:100%;--awb-order-medium:0;--awb-spacing-right-medium:1.92%;--awb-spacing-left-medium:1.92%;--awb-width-small:100%;--awb-order-small:0;--awb-spacing-right-small:1.92%;--awb-spacing-left-small:1.92%;\"><div class=\"fusion-column-wrapper fusion-column-has-shadow fusion-flex-justify-content-flex-start fusion-content-layout-column\"><div class=\"form-submission-notices data-notice_1\" id=\"fusion-notices-1\"><div class=\"fusion-alert alert success alert-success fusion-alert-center fusion-form-response fusion-form-response-success alert-dismissable alert-shadow\" role=\"alert\"><div class=\"fusion-alert-content-wrapper\"><span class=\"alert-icon\"><i class=\"awb-icon-check-circle\" aria-hidden=\"true\"><\/i><\/span><span class=\"fusion-alert-content\">Thank you for your request. Your mes\u00adsa\u00adge has been&nbsp;sent.<\/span><\/div><button type=\"button\" class=\"close toggle-alert\" data-dismiss=\"alert\" aria-label=\"Close\">\u00d7<\/button><\/div><div class=\"fusion-alert alert error alert-danger fusion-alert-center fusion-form-response fusion-form-response-error alert-dismissable alert-shadow\" role=\"alert\"><div class=\"fusion-alert-content-wrapper\"><span class=\"alert-icon\"><i class=\"awb-icon-exclamation-triangle\" aria-hidden=\"true\"><\/i><\/span><span class=\"fusion-alert-content\">An error has occur\u00adred. Plea\u00adse excu\u00adse the incon\u00adve\u00adni\u00adence and cont\u00adact us direct\u00adly by pho\u00adne. Thank you very&nbsp;much.<\/span><\/div><button type=\"button\" class=\"close toggle-alert\" data-dismiss=\"alert\" aria-label=\"Close\">\u00d7<\/button><\/div><\/div><\/div><\/div><div class=\"fusion-layout-column fusion_builder_column fusion-builder-column-4 fusion_builder_column_1_1 1_1 fusion-flex-column\" style=\"--awb-bg-size:cover;--awb-width-large:100%;--awb-margin-top-large:0px;--awb-spacing-right-large:1.92%;--awb-margin-bottom-large:0px;--awb-spacing-left-large:1.92%;--awb-width-medium:100%;--awb-order-medium:0;--awb-spacing-right-medium:1.92%;--awb-spacing-left-medium:1.92%;--awb-width-small:100%;--awb-order-small:0;--awb-spacing-right-small:1.92%;--awb-spacing-left-small:1.92%;\"><div class=\"fusion-column-wrapper fusion-column-has-shadow fusion-flex-justify-content-flex-start fusion-content-layout-column\"><div class=\"fusion-form-field fusion-form-text-field fusion-form-label-above\" style data-form-id=\"3323\"><div class=\"fusion-form-label-wrapper\"><label for=\"first_name\">First name <abbr class=\"fusion-form-element-required\" title=\"required\">*<\/abbr><\/label><\/div><input type=\"text\" name=\"first_name\" id=\"first_name\" value class=\"fusion-form-input\" required=\"true\" aria-required=\"true\" placeholder=\"Markus*\" data-holds-private-data=\"false\" minlength=\"0\"><\/div><div class=\"fusion-form-field fusion-form-text-field fusion-form-label-above\" style data-form-id=\"3323\"><div class=\"fusion-form-label-wrapper\"><label for=\"last_name\">Last name <abbr class=\"fusion-form-element-required\" title=\"required\">*<\/abbr><\/label><\/div><input type=\"text\" name=\"last_name\" id=\"last_name\" value class=\"fusion-form-input\" required=\"true\" aria-required=\"true\" placeholder=\"Meier*\" data-holds-private-data=\"false\" minlength=\"0\"><\/div><div class=\"fusion-form-field fusion-form-email-field fusion-form-label-above\" style data-form-id=\"3323\"><div class=\"fusion-form-label-wrapper\"><label for=\"email\">E\u2011Mail <abbr class=\"fusion-form-element-required\" title=\"required\">*<\/abbr><\/label><\/div><input type=\"email\" name=\"email\" id=\"email\" value class=\"fusion-form-input\" required=\"true\" aria-required=\"true\" placeholder=\"markusmeier@company.com*\" data-holds-private-data=\"false\"><\/div><div class=\"fusion-form-field fusion-form-phone-number-field fusion-form-label-above\" style data-form-id=\"3323\"><div class=\"fusion-form-label-wrapper\"><label for=\"phone_number\">Pho\u00adne num\u00adber <abbr class=\"fusion-form-element-required\" title=\"required\">*<\/abbr><\/label><\/div><input type=\"tel\" name=\"phone_number\" id=\"phone_number\" value class=\"fusion-form-input\" required=\"true\" aria-required=\"true\" placeholder=\"z.b. +49 (89) 802-1234*\" data-holds-private-data=\"false\"><\/div><div class=\"fusion-form-field fusion-form-select-field fusion-form-label-above\" style data-form-id=\"3323\"><label for=\"service_needed\">Desi\u00adred power <abbr class=\"fusion-form-element-required\" title=\"required\">*<\/abbr><\/label><div class=\"fusion-form-tooltip\"><i class=\"awb-icon-question-circle\"><\/i><span class=\"fusion-form-tooltip-content\">Plea\u00adse sel\u00adect your request(s)<\/span><\/div><div class=\"fusion-select-wrapper\"><select tabindex id=\"service_needed\" name=\"service_needed\" class=\"fusion-form-input\" required=\"true\" aria-required=\"true\" data-holds-private-data=\"false\"><option value=\"Initial telephone consultation\">Initial telephone consultation<\/option><option value=\"Discuss project idea\">Discuss project idea<\/option><option value=\"Troubleshooting\">Troubleshooting<\/option><option value>\"Firefighting\"<\/option><option value=\"Inhouse Training\">Inhouse Training<\/option><\/select><div class=\"select-arrow\"><svg width=\"12\" height=\"8\" viewBox=\"0 0 12 8\" fill=\"none\"> <path d=\"M1.5 1.75L6 6.25L10.5 1.75\" stroke=\"#6D6D6D\" stroke-width=\"2\" stroke-linecap=\"round\" stroke-linejoin=\"round\" \/> <\/svg><\/div><\/div><\/div><div class=\"fusion-form-field fusion-form-textarea-field fusion-form-label-above\" style data-form-id=\"3323\"><label for=\"your_challenge\">Your chall\u00adenge<\/label><textarea cols=\"40\" minlength=\"0\" rows=\"4\" tabindex id=\"your_challenge\" name=\"your_challenge\" class=\"fusion-form-input\" placeholder=\"I would like support in the following situation....\" data-holds-private-data=\"false\"><\/textarea><\/div><div class=\"fusion-form-field fusion-form-checkbox-field fusion-form-label-above\" style data-form-id=\"3323\"><fieldset><div class=\"fusion-form-checkbox\"><input tabindex id=\"checkbox--1-0\" type=\"checkbox\" value=\"Get whitepaper and info material\" name=\"[]\" class=\"fusion-form-input\" data-holds-private-data=\"false\"><label for=\"checkbox--1-0\">Get white\u00adpa\u00adper and info material<\/label><\/div><\/fieldset><\/div><div class=\"fusion-form-field fusion-form-submit-field fusion-form-label-above\" style data-form-id=\"3323\"><div style=\"text-align:center;\"><button type=\"submit\" class=\"fusion-button button-flat fusion-button-default-size button-default fusion-button-default button-1 fusion-button-span-yes  form-form-submit button-default\" data-form-number=\"3323\" tabindex><span class=\"fusion-button-text\">Agree<\/span><\/button><\/div><\/div><\/div><\/div><\/div><\/div><input type=\"hidden\" name=\"fusion_privacy_store_ip_ua\" value=\"false\"><input type=\"hidden\" name=\"fusion_privacy_expiration_interval\" value=\"48\"><input type=\"hidden\" name=\"privacy_expiration_action\" value=\"anonymize\"><\/form><\/div><\/div><\/div><\/div><\/div>\n","protected":false},"excerpt":{"rendered":"","protected":false},"author":1,"featured_media":0,"parent":0,"menu_order":2,"comment_status":"closed","ping_status":"closed","template":"100-width.php","meta":{"_acf_changed":false,"inline_featured_image":false,"wp_typography_post_enhancements_disabled":false,"footnotes":""},"class_list":["post-3350","page","type-page","status-publish","hentry"],"acf":[],"yoast_head":"<!-- This site is optimized with the Yoast SEO plugin v27.3 - https:\/\/yoast.com\/product\/yoast-seo-wordpress\/ -->\n<title>Contact request - G\u00fcnzel Consulting GmbH<\/title>\n<meta name=\"robots\" content=\"index, follow, max-snippet:-1, max-image-preview:large, max-video-preview:-1\" \/>\n<link rel=\"canonical\" href=\"https:\/\/guenzel-consulting.com\/en\/contact-request\/\" \/>\n<meta property=\"og:locale\" content=\"en_US\" \/>\n<meta property=\"og:type\" content=\"article\" \/>\n<meta property=\"og:title\" content=\"Contact request - G\u00fcnzel Consulting GmbH\" \/>\n<meta property=\"og:url\" content=\"https:\/\/guenzel-consulting.com\/en\/contact-request\/\" \/>\n<meta property=\"og:site_name\" content=\"G\u00fcnzel Consulting GmbH\" \/>\n<meta property=\"article:modified_time\" content=\"2021-10-22T11:55:15+00:00\" \/>\n<meta name=\"twitter:card\" content=\"summary_large_image\" \/>\n<meta name=\"twitter:label1\" content=\"Est. reading time\" \/>\n\t<meta name=\"twitter:data1\" content=\"8 minutes\" \/>\n<script type=\"application\/ld+json\" class=\"yoast-schema-graph\">{\"@context\":\"https:\\\/\\\/schema.org\",\"@graph\":[{\"@type\":\"WebPage\",\"@id\":\"https:\\\/\\\/guenzel-consulting.com\\\/en\\\/contact-request\\\/\",\"url\":\"https:\\\/\\\/guenzel-consulting.com\\\/en\\\/contact-request\\\/\",\"name\":\"Contact request - G\u00fcnzel Consulting GmbH\",\"isPartOf\":{\"@id\":\"https:\\\/\\\/guenzel-consulting.com\\\/en\\\/#website\"},\"datePublished\":\"2021-10-22T11:55:12+00:00\",\"dateModified\":\"2021-10-22T11:55:15+00:00\",\"breadcrumb\":{\"@id\":\"https:\\\/\\\/guenzel-consulting.com\\\/en\\\/contact-request\\\/#breadcrumb\"},\"inLanguage\":\"en-US\",\"potentialAction\":[{\"@type\":\"ReadAction\",\"target\":[\"https:\\\/\\\/guenzel-consulting.com\\\/en\\\/contact-request\\\/\"]}]},{\"@type\":\"BreadcrumbList\",\"@id\":\"https:\\\/\\\/guenzel-consulting.com\\\/en\\\/contact-request\\\/#breadcrumb\",\"itemListElement\":[{\"@type\":\"ListItem\",\"position\":1,\"name\":\"Startseite\",\"item\":\"https:\\\/\\\/guenzel-consulting.com\\\/en\\\/\"},{\"@type\":\"ListItem\",\"position\":2,\"name\":\"Con\u00adta\u00adct request\"}]},{\"@type\":\"WebSite\",\"@id\":\"https:\\\/\\\/guenzel-consulting.com\\\/en\\\/#website\",\"url\":\"https:\\\/\\\/guenzel-consulting.com\\\/en\\\/\",\"name\":\"G\u00fcnzel Consulting GmbH\",\"description\":\"Ihr kompetenter Partner f\u00fcr Beratungs- und Interim-Projekte in den Bereichen Einkauf, Supply Chain und Projekt- und Qualit\u00e4tsmanagement\",\"potentialAction\":[{\"@type\":\"SearchAction\",\"target\":{\"@type\":\"EntryPoint\",\"urlTemplate\":\"https:\\\/\\\/guenzel-consulting.com\\\/en\\\/?s={search_term_string}\"},\"query-input\":{\"@type\":\"PropertyValueSpecification\",\"valueRequired\":true,\"valueName\":\"search_term_string\"}}],\"inLanguage\":\"en-US\"}]}<\/script>\n<!-- \/ Yoast SEO plugin. -->","yoast_head_json":{"title":"Contact request - G\u00fcnzel Consulting GmbH","robots":{"index":"index","follow":"follow","max-snippet":"max-snippet:-1","max-image-preview":"max-image-preview:large","max-video-preview":"max-video-preview:-1"},"canonical":"https:\/\/guenzel-consulting.com\/en\/contact-request\/","og_locale":"en_US","og_type":"article","og_title":"Contact request - G\u00fcnzel Consulting GmbH","og_url":"https:\/\/guenzel-consulting.com\/en\/contact-request\/","og_site_name":"G\u00fcnzel Consulting GmbH","article_modified_time":"2021-10-22T11:55:15+00:00","twitter_card":"summary_large_image","twitter_misc":{"Est. reading time":"8 minutes"},"schema":{"@context":"https:\/\/schema.org","@graph":[{"@type":"WebPage","@id":"https:\/\/guenzel-consulting.com\/en\/contact-request\/","url":"https:\/\/guenzel-consulting.com\/en\/contact-request\/","name":"Contact request - G\u00fcnzel Consulting GmbH","isPartOf":{"@id":"https:\/\/guenzel-consulting.com\/en\/#website"},"datePublished":"2021-10-22T11:55:12+00:00","dateModified":"2021-10-22T11:55:15+00:00","breadcrumb":{"@id":"https:\/\/guenzel-consulting.com\/en\/contact-request\/#breadcrumb"},"inLanguage":"en-US","potentialAction":[{"@type":"ReadAction","target":["https:\/\/guenzel-consulting.com\/en\/contact-request\/"]}]},{"@type":"BreadcrumbList","@id":"https:\/\/guenzel-consulting.com\/en\/contact-request\/#breadcrumb","itemListElement":[{"@type":"ListItem","position":1,"name":"Startseite","item":"https:\/\/guenzel-consulting.com\/en\/"},{"@type":"ListItem","position":2,"name":"Con\u00adta\u00adct request"}]},{"@type":"WebSite","@id":"https:\/\/guenzel-consulting.com\/en\/#website","url":"https:\/\/guenzel-consulting.com\/en\/","name":"G\u00fcnzel Consulting GmbH","description":"Ihr kompetenter Partner f\u00fcr Beratungs- und Interim-Projekte in den Bereichen Einkauf, Supply Chain und Projekt- und Qualit\u00e4tsmanagement","potentialAction":[{"@type":"SearchAction","target":{"@type":"EntryPoint","urlTemplate":"https:\/\/guenzel-consulting.com\/en\/?s={search_term_string}"},"query-input":{"@type":"PropertyValueSpecification","valueRequired":true,"valueName":"search_term_string"}}],"inLanguage":"en-US"}]}},"jetpack_sharing_enabled":true,"_links":{"self":[{"href":"https:\/\/guenzel-consulting.com\/en\/wp-json\/wp\/v2\/pages\/3350","targetHints":{"allow":["GET"]}}],"collection":[{"href":"https:\/\/guenzel-consulting.com\/en\/wp-json\/wp\/v2\/pages"}],"about":[{"href":"https:\/\/guenzel-consulting.com\/en\/wp-json\/wp\/v2\/types\/page"}],"author":[{"embeddable":true,"href":"https:\/\/guenzel-consulting.com\/en\/wp-json\/wp\/v2\/users\/1"}],"replies":[{"embeddable":true,"href":"https:\/\/guenzel-consulting.com\/en\/wp-json\/wp\/v2\/comments?post=3350"}],"version-history":[{"count":5,"href":"https:\/\/guenzel-consulting.com\/en\/wp-json\/wp\/v2\/pages\/3350\/revisions"}],"predecessor-version":[{"id":3361,"href":"https:\/\/guenzel-consulting.com\/en\/wp-json\/wp\/v2\/pages\/3350\/revisions\/3361"}],"wp:attachment":[{"href":"https:\/\/guenzel-consulting.com\/en\/wp-json\/wp\/v2\/media?parent=3350"}],"curies":[{"name":"wp","href":"https:\/\/api.w.org\/{rel}","templated":true}]}}